{"id":620,"date":"2024-03-15T10:25:37","date_gmt":"2024-03-15T09:25:37","guid":{"rendered":"https:\/\/v2.coopcycle.org\/politique-de-confidentialite\/"},"modified":"2024-05-29T17:24:25","modified_gmt":"2024-05-29T15:24:25","slug":"politique-de-confidentialite","status":"publish","type":"page","link":"https:\/\/coopcycle.org\/fr\/politique-de-confidentialite\/","title":{"rendered":"Politique de confidentialit\u00e9"},"content":{"rendered":"\t\t<div data-elementor-type=\"wp-page\" data-elementor-id=\"620\" class=\"elementor elementor-620 elementor-3\" data-elementor-post-type=\"page\">\n\t\t\t\t<div class=\"elementor-element elementor-element-b0e3be7 e-flex e-con-boxed e-con e-parent\" data-id=\"b0e3be7\" data-element_type=\"container\" data-e-type=\"container\">\n\t\t\t\t\t<div class=\"e-con-inner\">\n\t\t\t\t<div class=\"elementor-element elementor-element-1e22070 elementor-widget elementor-widget-button\" data-id=\"1e22070\" data-element_type=\"widget\" data-e-type=\"widget\" data-widget_type=\"button.default\">\n\t\t\t\t<div class=\"elementor-widget-container\">\n\t\t\t\t\t\t\t\t\t<div class=\"elementor-button-wrapper\">\n\t\t\t\t\t<a class=\"elementor-button elementor-button-link elementor-size-sm\" href=\"https:\/\/v2.coopcycle.org\/fr\/\">\n\t\t\t\t\t\t<span class=\"elementor-button-content-wrapper\">\n\t\t\t\t\t\t<span class=\"elementor-button-icon\">\n\t\t\t\t<svg aria-hidden=\"true\" class=\"e-font-icon-svg e-fas-long-arrow-alt-left\" viewBox=\"0 0 448 512\" xmlns=\"http:\/\/www.w3.org\/2000\/svg\"><path d=\"M134.059 296H436c6.627 0 12-5.373 12-12v-56c0-6.627-5.373-12-12-12H134.059v-46.059c0-21.382-25.851-32.09-40.971-16.971L7.029 239.029c-9.373 9.373-9.373 24.569 0 33.941l86.059 86.059c15.119 15.119 40.971 4.411 40.971-16.971V296z\"><\/path><\/svg>\t\t\t<\/span>\n\t\t\t\t\t\t\t\t\t<span class=\"elementor-button-text\">Page d'accueil<\/span>\n\t\t\t\t\t<\/span>\n\t\t\t\t\t<\/a>\n\t\t\t\t<\/div>\n\t\t\t\t\t\t\t\t<\/div>\n\t\t\t\t<\/div>\n\t\t<div class=\"elementor-element elementor-element-63a4fb8 e-flex e-con-boxed e-con e-child\" data-id=\"63a4fb8\" data-element_type=\"container\" data-e-type=\"container\">\n\t\t\t\t\t<div class=\"e-con-inner\">\n\t\t\t\t<div class=\"elementor-element elementor-element-3c8dc2f elementor-widget elementor-widget-heading\" data-id=\"3c8dc2f\" data-element_type=\"widget\" data-e-type=\"widget\" data-widget_type=\"heading.default\">\n\t\t\t\t<div class=\"elementor-widget-container\">\n\t\t\t\t\t<h2 class=\"elementor-heading-title elementor-size-default\">\u00c9diteur<\/h2>\t\t\t\t<\/div>\n\t\t\t\t<\/div>\n\t\t\t\t<div class=\"elementor-element elementor-element-a60fc99 elementor-widget elementor-widget-text-editor\" data-id=\"a60fc99\" data-element_type=\"widget\" data-e-type=\"widget\" data-widget_type=\"text-editor.default\">\n\t\t\t\t<div class=\"elementor-widget-container\">\n\t\t\t\t\t\t\t\t\t<p>Le site coopcycle.org est \u00e9dit\u00e9 par CoopCycle, une SCIC coop\u00e9rative cr\u00e9\u00e9e le ? ? de ? ?? 20 ??.<\/p>\n\t\t\t\t\t\t\t\t<\/div>\n\t\t\t\t<\/div>\n\t\t\t\t<div class=\"elementor-element elementor-element-82d8141 elementor-widget elementor-widget-text-editor\" data-id=\"82d8141\" data-element_type=\"widget\" data-e-type=\"widget\" data-widget_type=\"text-editor.default\">\n\t\t\t\t<div class=\"elementor-widget-container\">\n\t\t\t\t\t\t\t\t\t<p><strong>Si\u00e8ge<\/strong>: ? ?????<\/p>\n\t\t\t\t\t\t\t\t<\/div>\n\t\t\t\t<\/div>\n\t\t\t\t<div class=\"elementor-element elementor-element-95392af elementor-widget elementor-widget-text-editor\" data-id=\"95392af\" data-element_type=\"widget\" data-e-type=\"widget\" data-widget_type=\"text-editor.default\">\n\t\t\t\t<div class=\"elementor-widget-container\">\n\t\t\t\t\t\t\t\t\t<p><strong>Num\u00e9ro SIRET<\/strong>: 83361956200014<\/p>\n\t\t\t\t\t\t\t\t<\/div>\n\t\t\t\t<\/div>\n\t\t\t\t<div class=\"elementor-element elementor-element-6962c27 elementor-widget elementor-widget-text-editor\" data-id=\"6962c27\" data-element_type=\"widget\" data-e-type=\"widget\" data-widget_type=\"text-editor.default\">\n\t\t\t\t<div class=\"elementor-widget-container\">\n\t\t\t\t\t\t\t\t\t<p><strong>Num\u00e9ro RNA<\/strong>: W751241474<\/p>\n\t\t\t\t\t\t\t\t<\/div>\n\t\t\t\t<\/div>\n\t\t\t\t<div class=\"elementor-element elementor-element-b14baf9 elementor-widget elementor-widget-text-editor\" data-id=\"b14baf9\" data-element_type=\"widget\" data-e-type=\"widget\" data-widget_type=\"text-editor.default\">\n\t\t\t\t<div class=\"elementor-widget-container\">\n\t\t\t\t\t\t\t\t\t<p><strong>Email<\/strong>: contact [AT] coopcycle.org<\/p>\n\t\t\t\t\t\t\t\t<\/div>\n\t\t\t\t<\/div>\n\t\t\t\t<div class=\"elementor-element elementor-element-992ab82 elementor-widget elementor-widget-text-editor\" data-id=\"992ab82\" data-element_type=\"widget\" data-e-type=\"widget\" data-widget_type=\"text-editor.default\">\n\t\t\t\t<div class=\"elementor-widget-container\">\n\t\t\t\t\t\t\t\t\t<p><strong>Pr\u00e9sidence, direction de la publication<\/strong>: ? ???<\/p>\n\t\t\t\t\t\t\t\t<\/div>\n\t\t\t\t<\/div>\n\t\t\t\t\t<\/div>\n\t\t\t\t<\/div>\n\t\t<div class=\"elementor-element elementor-element-2cb01f4 e-flex e-con-boxed e-con e-child\" data-id=\"2cb01f4\" data-element_type=\"container\" data-e-type=\"container\">\n\t\t\t\t\t<div class=\"e-con-inner\">\n\t\t\t\t<div class=\"elementor-element elementor-element-ed79666 elementor-widget elementor-widget-heading\" data-id=\"ed79666\" data-element_type=\"widget\" data-e-type=\"widget\" data-widget_type=\"heading.default\">\n\t\t\t\t<div class=\"elementor-widget-container\">\n\t\t\t\t\t<h2 class=\"elementor-heading-title elementor-size-default\">H\u00e9bergement<\/h2>\t\t\t\t<\/div>\n\t\t\t\t<\/div>\n\t\t\t\t<div class=\"elementor-element elementor-element-f669d74 elementor-widget elementor-widget-text-editor\" data-id=\"f669d74\" data-element_type=\"widget\" data-e-type=\"widget\" data-widget_type=\"text-editor.default\">\n\t\t\t\t<div class=\"elementor-widget-container\">\n\t\t\t\t\t\t\t\t\t<p>ONLINE SAS BP 438 75366 PARIS &#8211; CEDEX 08 FRANCE<\/p>\n\t\t\t\t\t\t\t\t<\/div>\n\t\t\t\t<\/div>\n\t\t\t\t\t<\/div>\n\t\t\t\t<\/div>\n\t\t<div class=\"elementor-element elementor-element-85d8020 e-flex e-con-boxed e-con e-child\" data-id=\"85d8020\" data-element_type=\"container\" data-e-type=\"container\">\n\t\t\t\t\t<div class=\"e-con-inner\">\n\t\t\t\t<div class=\"elementor-element elementor-element-83778a3 elementor-widget elementor-widget-heading\" data-id=\"83778a3\" data-element_type=\"widget\" data-e-type=\"widget\" data-widget_type=\"heading.default\">\n\t\t\t\t<div class=\"elementor-widget-container\">\n\t\t\t\t\t<h2 class=\"elementor-heading-title elementor-size-default\">Limitation de la responsabilit\u00e9<\/h2>\t\t\t\t<\/div>\n\t\t\t\t<\/div>\n\t\t\t\t<div class=\"elementor-element elementor-element-8fb6967 elementor-widget elementor-widget-text-editor\" data-id=\"8fb6967\" data-element_type=\"widget\" data-e-type=\"widget\" data-widget_type=\"text-editor.default\">\n\t\t\t\t<div class=\"elementor-widget-container\">\n\t\t\t\t\t\t\t\t\tLimitation de la responsabilit\u00e9\nCoopCycle ne pourra \u00eatre tenue responsable des dommages directs et indirects caus\u00e9s au mat\u00e9riel de l&rsquo;utilisateur, lors de l&rsquo;acc\u00e8s au site, et r\u00e9sultant soit de l&rsquo;utilisation d&rsquo;un mat\u00e9riel ne r\u00e9pondant pas aux sp\u00e9cifications techniques requises, soit de l&rsquo;apparition d&rsquo;un bug ou d&rsquo;une incompatibilit\u00e9.\n\n\t\t\t\t\t\t\t\t<\/div>\n\t\t\t\t<\/div>\n\t\t\t\t<div class=\"elementor-element elementor-element-3ced947 elementor-widget elementor-widget-text-editor\" data-id=\"3ced947\" data-element_type=\"widget\" data-e-type=\"widget\" data-widget_type=\"text-editor.default\">\n\t\t\t\t<div class=\"elementor-widget-container\">\n\t\t\t\t\t\t\t\t\t<p>CoopCycle ne peut \u00eatre tenu responsable des dommages indirects r\u00e9sultant de l&rsquo;utilisation du site.<\/p>\n\t\t\t\t\t\t\t\t<\/div>\n\t\t\t\t<\/div>\n\t\t\t\t<div class=\"elementor-element elementor-element-b26732e elementor-widget elementor-widget-text-editor\" data-id=\"b26732e\" data-element_type=\"widget\" data-e-type=\"widget\" data-widget_type=\"text-editor.default\">\n\t\t\t\t<div class=\"elementor-widget-container\">\n\t\t\t\t\t\t\t\t\t<p>CoopCycle ne pourra \u00eatre tenu responsable de dommages mat\u00e9riels r\u00e9sultant de l&rsquo;utilisation du site. De plus, l&rsquo;utilisateur du site s&rsquo;engage \u00e0 acc\u00e9der au site en utilisant un mat\u00e9riel r\u00e9cent, ne contenant pas de virus et avec un navigateur de derni\u00e8re g\u00e9n\u00e9ration mis \u00e0 jour.<\/p>\n\t\t\t\t\t\t\t\t<\/div>\n\t\t\t\t<\/div>\n\t\t\t\t\t<\/div>\n\t\t\t\t<\/div>\n\t\t\t\t\t<\/div>\n\t\t\t\t<\/div>\n\t\t\t\t<\/div>\n\t\t","protected":false},"excerpt":{"rendered":"<p>Page d&rsquo;accueil \u00c9diteur Le site coopcycle.org est \u00e9dit\u00e9 par CoopCycle, une SCIC coop\u00e9rative cr\u00e9\u00e9e le ? ? de ? ?? 20 ??. Si\u00e8ge: ? ????? Num\u00e9ro SIRET: 83361956200014 Num\u00e9ro RNA: W751241474 Email: contact [AT] coopcycle.org Pr\u00e9sidence, direction de la publication: ? ??? H\u00e9bergement ONLINE SAS BP 438 75366 PARIS &#8211; CEDEX 08 FRANCE Limitation de [&hellip;]<\/p>\n","protected":false},"author":1,"featured_media":0,"parent":0,"menu_order":0,"comment_status":"closed","ping_status":"open","template":"","meta":{"footnotes":""},"class_list":["post-620","page","type-page","status-publish","hentry"],"yoast_head":"<!-- This site is optimized with the Yoast SEO plugin v25.9 - https:\/\/yoast.com\/wordpress\/plugins\/seo\/ -->\n<title>Politique de confidentialit\u00e9 - CoopCycle<\/title>\n<meta name=\"robots\" content=\"index, follow, max-snippet:-1, max-image-preview:large, max-video-preview:-1\" \/>\n<link rel=\"canonical\" href=\"https:\/\/coopcycle.org\/fr\/politique-de-confidentialite\/\" \/>\n<meta property=\"og:locale\" content=\"fr_FR\" \/>\n<meta property=\"og:type\" content=\"article\" \/>\n<meta property=\"og:title\" content=\"Politique de confidentialit\u00e9 - CoopCycle\" \/>\n<meta property=\"og:description\" content=\"Page d&rsquo;accueil \u00c9diteur Le site coopcycle.org est \u00e9dit\u00e9 par CoopCycle, une SCIC coop\u00e9rative cr\u00e9\u00e9e le ? ? de ? ?? 20 ??. Si\u00e8ge: ? ????? Num\u00e9ro SIRET: 83361956200014 Num\u00e9ro RNA: W751241474 Email: contact [AT] coopcycle.org Pr\u00e9sidence, direction de la publication: ? ??? H\u00e9bergement ONLINE SAS BP 438 75366 PARIS &#8211; CEDEX 08 FRANCE Limitation de [&hellip;]\" \/>\n<meta property=\"og:url\" content=\"https:\/\/coopcycle.org\/fr\/politique-de-confidentialite\/\" \/>\n<meta property=\"og:site_name\" content=\"CoopCycle\" \/>\n<meta property=\"article:publisher\" content=\"https:\/\/www.facebook.com\/coopcycle\" \/>\n<meta property=\"article:modified_time\" content=\"2024-05-29T15:24:25+00:00\" \/>\n<meta name=\"twitter:card\" content=\"summary_large_image\" \/>\n<meta name=\"twitter:site\" content=\"@coopcycle\" \/>\n<meta name=\"twitter:label1\" content=\"Dur\u00e9e de lecture estim\u00e9e\" \/>\n\t<meta name=\"twitter:data1\" content=\"1 minute\" \/>\n<script type=\"application\/ld+json\" class=\"yoast-schema-graph\">{\"@context\":\"https:\/\/schema.org\",\"@graph\":[{\"@type\":\"WebPage\",\"@id\":\"https:\/\/coopcycle.org\/fr\/politique-de-confidentialite\/\",\"url\":\"https:\/\/coopcycle.org\/fr\/politique-de-confidentialite\/\",\"name\":\"Politique de confidentialit\u00e9 - CoopCycle\",\"isPartOf\":{\"@id\":\"https:\/\/coopcycle.org\/fr\/#website\"},\"datePublished\":\"2024-03-15T09:25:37+00:00\",\"dateModified\":\"2024-05-29T15:24:25+00:00\",\"breadcrumb\":{\"@id\":\"https:\/\/coopcycle.org\/fr\/politique-de-confidentialite\/#breadcrumb\"},\"inLanguage\":\"fr-FR\",\"potentialAction\":[{\"@type\":\"ReadAction\",\"target\":[\"https:\/\/coopcycle.org\/fr\/politique-de-confidentialite\/\"]}]},{\"@type\":\"BreadcrumbList\",\"@id\":\"https:\/\/coopcycle.org\/fr\/politique-de-confidentialite\/#breadcrumb\",\"itemListElement\":[{\"@type\":\"ListItem\",\"position\":1,\"name\":\"Home\",\"item\":\"https:\/\/coopcycle.org\/fr\/\"},{\"@type\":\"ListItem\",\"position\":2,\"name\":\"Politique de confidentialit\u00e9\"}]},{\"@type\":\"WebSite\",\"@id\":\"https:\/\/coopcycle.org\/fr\/#website\",\"url\":\"https:\/\/coopcycle.org\/fr\/\",\"name\":\"CoopCycle\",\"description\":\"bike logistic cooperatives network\",\"publisher\":{\"@id\":\"https:\/\/coopcycle.org\/fr\/#organization\"},\"potentialAction\":[{\"@type\":\"SearchAction\",\"target\":{\"@type\":\"EntryPoint\",\"urlTemplate\":\"https:\/\/coopcycle.org\/fr\/?s={search_term_string}\"},\"query-input\":{\"@type\":\"PropertyValueSpecification\",\"valueRequired\":true,\"valueName\":\"search_term_string\"}}],\"inLanguage\":\"fr-FR\"},{\"@type\":\"Organization\",\"@id\":\"https:\/\/coopcycle.org\/fr\/#organization\",\"name\":\"CoopCycle\",\"url\":\"https:\/\/coopcycle.org\/fr\/\",\"logo\":{\"@type\":\"ImageObject\",\"inLanguage\":\"fr-FR\",\"@id\":\"https:\/\/coopcycle.org\/fr\/#\/schema\/logo\/image\/\",\"url\":\"https:\/\/coopcycle.org\/wp-content\/uploads\/2024\/03\/Logo.svg\",\"contentUrl\":\"https:\/\/coopcycle.org\/wp-content\/uploads\/2024\/03\/Logo.svg\",\"width\":291,\"height\":87,\"caption\":\"CoopCycle\"},\"image\":{\"@id\":\"https:\/\/coopcycle.org\/fr\/#\/schema\/logo\/image\/\"},\"sameAs\":[\"https:\/\/www.facebook.com\/coopcycle\",\"https:\/\/x.com\/coopcycle\",\"https:\/\/www.linkedin.com\/company\/28624257\"]}]}<\/script>\n<!-- \/ Yoast SEO plugin. -->","yoast_head_json":{"title":"Politique de confidentialit\u00e9 - CoopCycle","robots":{"index":"index","follow":"follow","max-snippet":"max-snippet:-1","max-image-preview":"max-image-preview:large","max-video-preview":"max-video-preview:-1"},"canonical":"https:\/\/coopcycle.org\/fr\/politique-de-confidentialite\/","og_locale":"fr_FR","og_type":"article","og_title":"Politique de confidentialit\u00e9 - CoopCycle","og_description":"Page d&rsquo;accueil \u00c9diteur Le site coopcycle.org est \u00e9dit\u00e9 par CoopCycle, une SCIC coop\u00e9rative cr\u00e9\u00e9e le ? ? de ? ?? 20 ??. Si\u00e8ge: ? ????? Num\u00e9ro SIRET: 83361956200014 Num\u00e9ro RNA: W751241474 Email: contact [AT] coopcycle.org Pr\u00e9sidence, direction de la publication: ? ??? H\u00e9bergement ONLINE SAS BP 438 75366 PARIS &#8211; CEDEX 08 FRANCE Limitation de [&hellip;]","og_url":"https:\/\/coopcycle.org\/fr\/politique-de-confidentialite\/","og_site_name":"CoopCycle","article_publisher":"https:\/\/www.facebook.com\/coopcycle","article_modified_time":"2024-05-29T15:24:25+00:00","twitter_card":"summary_large_image","twitter_site":"@coopcycle","twitter_misc":{"Dur\u00e9e de lecture estim\u00e9e":"1 minute"},"schema":{"@context":"https:\/\/schema.org","@graph":[{"@type":"WebPage","@id":"https:\/\/coopcycle.org\/fr\/politique-de-confidentialite\/","url":"https:\/\/coopcycle.org\/fr\/politique-de-confidentialite\/","name":"Politique de confidentialit\u00e9 - CoopCycle","isPartOf":{"@id":"https:\/\/coopcycle.org\/fr\/#website"},"datePublished":"2024-03-15T09:25:37+00:00","dateModified":"2024-05-29T15:24:25+00:00","breadcrumb":{"@id":"https:\/\/coopcycle.org\/fr\/politique-de-confidentialite\/#breadcrumb"},"inLanguage":"fr-FR","potentialAction":[{"@type":"ReadAction","target":["https:\/\/coopcycle.org\/fr\/politique-de-confidentialite\/"]}]},{"@type":"BreadcrumbList","@id":"https:\/\/coopcycle.org\/fr\/politique-de-confidentialite\/#breadcrumb","itemListElement":[{"@type":"ListItem","position":1,"name":"Home","item":"https:\/\/coopcycle.org\/fr\/"},{"@type":"ListItem","position":2,"name":"Politique de confidentialit\u00e9"}]},{"@type":"WebSite","@id":"https:\/\/coopcycle.org\/fr\/#website","url":"https:\/\/coopcycle.org\/fr\/","name":"CoopCycle","description":"bike logistic cooperatives network","publisher":{"@id":"https:\/\/coopcycle.org\/fr\/#organization"},"potentialAction":[{"@type":"SearchAction","target":{"@type":"EntryPoint","urlTemplate":"https:\/\/coopcycle.org\/fr\/?s={search_term_string}"},"query-input":{"@type":"PropertyValueSpecification","valueRequired":true,"valueName":"search_term_string"}}],"inLanguage":"fr-FR"},{"@type":"Organization","@id":"https:\/\/coopcycle.org\/fr\/#organization","name":"CoopCycle","url":"https:\/\/coopcycle.org\/fr\/","logo":{"@type":"ImageObject","inLanguage":"fr-FR","@id":"https:\/\/coopcycle.org\/fr\/#\/schema\/logo\/image\/","url":"https:\/\/coopcycle.org\/wp-content\/uploads\/2024\/03\/Logo.svg","contentUrl":"https:\/\/coopcycle.org\/wp-content\/uploads\/2024\/03\/Logo.svg","width":291,"height":87,"caption":"CoopCycle"},"image":{"@id":"https:\/\/coopcycle.org\/fr\/#\/schema\/logo\/image\/"},"sameAs":["https:\/\/www.facebook.com\/coopcycle","https:\/\/x.com\/coopcycle","https:\/\/www.linkedin.com\/company\/28624257"]}]}},"_links":{"self":[{"href":"https:\/\/coopcycle.org\/fr\/wp-json\/wp\/v2\/pages\/620","targetHints":{"allow":["GET"]}}],"collection":[{"href":"https:\/\/coopcycle.org\/fr\/wp-json\/wp\/v2\/pages"}],"about":[{"href":"https:\/\/coopcycle.org\/fr\/wp-json\/wp\/v2\/types\/page"}],"author":[{"embeddable":true,"href":"https:\/\/coopcycle.org\/fr\/wp-json\/wp\/v2\/users\/1"}],"replies":[{"embeddable":true,"href":"https:\/\/coopcycle.org\/fr\/wp-json\/wp\/v2\/comments?post=620"}],"version-history":[{"count":1,"href":"https:\/\/coopcycle.org\/fr\/wp-json\/wp\/v2\/pages\/620\/revisions"}],"predecessor-version":[{"id":623,"href":"https:\/\/coopcycle.org\/fr\/wp-json\/wp\/v2\/pages\/620\/revisions\/623"}],"wp:attachment":[{"href":"https:\/\/coopcycle.org\/fr\/wp-json\/wp\/v2\/media?parent=620"}],"curies":[{"name":"wp","href":"https:\/\/api.w.org\/{rel}","templated":true}]}}